{"id":173,"date":"2017-01-03T16:38:49","date_gmt":"2017-01-03T15:38:49","guid":{"rendered":"http:\/\/test.ghanart.org\/?page_id=173"},"modified":"2020-05-26T22:59:06","modified_gmt":"2020-05-26T20:59:06","slug":"geschichte","status":"publish","type":"page","link":"https:\/\/www.ghanart.org\/en\/geschichte\/","title":{"rendered":"History"},"content":{"rendered":"<h3>Short history of the Au-meeting (available in German only)<\/h3>\n\n<table id=\"tablepress-1\" class=\"tablepress tablepress-id-1\">\n<tbody class=\"row-striping row-hover\">\n<tr class=\"row-1\">\n\t<td class=\"column-1\">1964<\/td><td class=\"column-2\">Erstes Familien-Treffen ehemaliger Ex-Ghana-Schweizer, vor allem \u00abLang-Leute\u00bb im Restaurant Hasenstrick bei R\u00fcti im Kanton Z\u00fcrich, organisiert von Fritz Nussbaum. Jassen und Kegeln ist angesagt.<\/td>\n<\/tr>\n<tr class=\"row-2\">\n\t<td class=\"column-1\">1976<\/td><td class=\"column-2\">Marianne Bolleter \u00fcbernimmt die Vorbereitungen f\u00fcr den j\u00e4hrlichen Anlass und sucht einen gr\u00f6sseren Platz f\u00fcr das beliebte Fest. Sie findet den Landgasthof Halbinsel Au. Dort findet am letzten Oktober-Sonntag 1976 das erste Au-Treffen statt.<br \/>\nJedes Jahr kommen mehr Leute auf die Halbinsel Au. Die Au-Adress-Liste w\u00e4chst auf \u00fcber 300 Personen. Jedes Jahr kommt auch Pfarrer Ernst Peyer auf die Au, \u00fcberbringt uns Gr\u00fcsse aus Ghana, erz\u00e4hlt von \u00abdamals\u00bb oder bringt aktuelle Nachrichten.<\/td>\n<\/tr>\n<tr class=\"row-3\">\n\t<td class=\"column-1\">1982<\/td><td class=\"column-2\">Die Bolleters emigrieren nach Kenya. Marianne \u00fcbergibt die Adressliste an Rita M\u00fcller, W\u00e4ngi\/TG. Auf vielseitigen Wunsch beginnt eine Gruppe von Ex-Ghana-Schweizerinnen, f\u00fcrs Au-Treffen einen Country-Chop zu kochen. Sie bereiten mit Erfolg die erste Pfeffersuppe, die grossen Anklang findet.<\/td>\n<\/tr>\n<tr class=\"row-4\">\n\t<td class=\"column-1\">1987<\/td><td class=\"column-2\">Das letzte Au-Treffen mit Pfarrer Ernst Peyer: Ernst stirbt am 21. M\u00e4rz 1988 in Z\u00fcrich. Seine Freunde in Kumasi gr\u00fcnden die Ernst Peyer Stiftung. Karl Schaer, Max Hertner und Hans Buser sind bereit, f\u00fcr deren Projekte in der Schweiz Geld zu sammeln. Am Au-Treffen 1988 stellen sie die Stiftung zum ersten Mal vor.<\/td>\n<\/tr>\n<tr class=\"row-5\">\n\t<td class=\"column-1\">1992<\/td><td class=\"column-2\">Der Botschafter Ghanas in Bern, H.E. Kojo Amoo-Godfried, besucht unser Treffen. Er ist begeistert. Seitdem beehren uns Botschafterinnen und Botschafter Ghanas jedes Jahr mit ihrer Anwesenheit.<\/td>\n<\/tr>\n<tr class=\"row-6\">\n\t<td class=\"column-1\">1993<\/td><td class=\"column-2\">Das Team der Ernst Peyer Stiftung unterst\u00fctzt Rita M\u00fcller: Die Au-Adressliste w\u00e4chst von 350 auf \u00fcber 800 Eintr\u00e4ge. Mit jedem Au-Rundschreiben wird auch ein Peyer-Brief verschickt und Geld gesammelt.<\/td>\n<\/tr>\n<tr class=\"row-7\">\n\t<td class=\"column-1\">1994<\/td><td class=\"column-2\">wird die erste Nostalgie-Reise zur Er\u00f6ffnung des ersten Projekts der Peyer-Stiftung, dem M\u00e4dchen-Wohnhaus im Ramseyer Institute in Kumasi organisiert. 38 Personen reisen mit.<\/td>\n<\/tr>\n<tr class=\"row-8\">\n\t<td class=\"column-1\">1996<\/td><td class=\"column-2\">Karl Schaer, Max Hertner und Hans Buser \u00fcbernehmen die Organisation des Au-Treffens von Rita M\u00fcller. Auf Anraten des Sekret\u00e4rs der Ghana-Botschaft in Bern, Francis Mensah, wird f\u00fcr unser Fest eine Erdnuss-Suppe gekocht: \u00abeine Pfeffer-Suppe ist ein Alltags-Menu, f\u00fcr einen solch festlichen Anlass gibt es in Ghana eine Erdnuss-Suppe!\u00bb (Gleichzeitig empfiehlt er uns die K\u00f6chin Patricia, die in der UNO Genf beim Wegzug von Kofi Annan nach New York f\u00fcr \u00fcber 3000 Personen Erdnuss-Suppe zubereitet hat.)<\/td>\n<\/tr>\n<tr class=\"row-9\">\n\t<td class=\"column-1\">1999<\/td><td class=\"column-2\">am 31. Oktober ist Nana Akuoko Sarpong, Agogohene und Kulturminister Ghanas, unser Gast auf der Au.<\/td>\n<\/tr>\n<tr class=\"row-10\">\n\t<td class=\"column-1\">2003<\/td><td class=\"column-2\">Das Au-Team trennt sich von der Ernst Peyer Stiftung Schweiz, die jetzt von Daniel Bez gef\u00fchrt wird. (Die Stiftung muss sich aus rechtlichen Gr\u00fcnden mit eigenen Statuten und Vorstand registrieren lassen.)<\/td>\n<\/tr>\n<tr class=\"row-11\">\n\t<td class=\"column-1\">2009<\/td><td class=\"column-2\">Auftritt der preisgekr\u00f6nten \u00abAyekoo-Drummers\u00bb aus Ghana am 34. Au-Treffen.<\/td>\n<\/tr>\n<tr class=\"row-12\">\n\t<td class=\"column-1\">2010<\/td><td class=\"column-2\">Im M\u00e4rz stellt sich das neue OK-Team mit Christian Buser, Hans Buser, Rolf Leuzinger und Peter Raich vor.<\/td>\n<\/tr>\n<tr class=\"row-13\">\n\t<td class=\"column-1\">2015<\/td><td class=\"column-2\">Das 40. Treffen auf der Halbinsel Au, wieder mit den \u00abAyekoo-Drummers\u00bb aus Ghana. Das OK-Team besteht nun aus Christian Buser, Samuel Frempong, Irene Kessler, Rolf Leuzinger und Kurt Merki jr.<\/td>\n<\/tr>\n<tr class=\"row-14\">\n\t<td class=\"column-1\">2018<\/td><td class=\"column-2\">Das OK besteht aus Christian Buser, Samuel Frempong, Irene Kessler und Rolf Leuzinger.<\/td>\n<\/tr>\n<tr class=\"row-15\">\n\t<td class=\"column-1\">2020 und 2021<\/td><td class=\"column-2\">Wegen der Corona-Pamdemie konnte das Treffen nicht stattfinden. <\/td>\n<\/tr>\n<tr class=\"row-16\">\n\t<td class=\"column-1\">2022<\/td><td class=\"column-2\">Das 45. Au-Treffen hat am 30. Oktober 2022 stattgefunden.<\/td>\n<\/tr>\n<tr class=\"row-17\">\n\t<td class=\"column-1\">2024<\/td><td class=\"column-2\">Trotz vorheriger Zusage hat der Landgasthof Halbinsel Au das 47. Au-Treffen kurzfristig abgesagt. Wir werden uns bem\u00fchen, f\u00fcr 2025 einen geeigneten Veranstaltungsort zu finden. Mich\u00e8le Kessler ist neu zum OK dazugestossen.<\/td>\n<\/tr>\n<\/tbody>\n<\/table>\n<!-- #tablepress-1 from cache -->","protected":false},"excerpt":{"rendered":"<p>Short history of the Au-meeting (available in German only)<\/p>","protected":false},"author":1,"featured_media":0,"parent":0,"menu_order":0,"comment_status":"closed","ping_status":"closed","template":"template-full-width.php","meta":{"ngg_post_thumbnail":0,"footnotes":""},"class_list":["post-173","page","type-page","status-publish","hentry"],"_links":{"self":[{"href":"https:\/\/www.ghanart.org\/en\/wp-json\/wp\/v2\/pages\/173","targetHints":{"allow":["GET"]}}],"collection":[{"href":"https:\/\/www.ghanart.org\/en\/wp-json\/wp\/v2\/pages"}],"about":[{"href":"https:\/\/www.ghanart.org\/en\/wp-json\/wp\/v2\/types\/page"}],"author":[{"embeddable":true,"href":"https:\/\/www.ghanart.org\/en\/wp-json\/wp\/v2\/users\/1"}],"replies":[{"embeddable":true,"href":"https:\/\/www.ghanart.org\/en\/wp-json\/wp\/v2\/comments?post=173"}],"version-history":[{"count":27,"href":"https:\/\/www.ghanart.org\/en\/wp-json\/wp\/v2\/pages\/173\/revisions"}],"predecessor-version":[{"id":279,"href":"https:\/\/www.ghanart.org\/en\/wp-json\/wp\/v2\/pages\/173\/revisions\/279"}],"wp:attachment":[{"href":"https:\/\/www.ghanart.org\/en\/wp-json\/wp\/v2\/media?parent=173"}],"curies":[{"name":"wp","href":"https:\/\/api.w.org\/{rel}","templated":true}]}}