{"id":171,"date":"2017-01-03T16:29:41","date_gmt":"2017-01-03T15:29:41","guid":{"rendered":"http:\/\/test.ghanart.org\/?page_id=171"},"modified":"2026-03-14T15:29:29","modified_gmt":"2026-03-14T14:29:29","slug":"ueberuns","status":"publish","type":"page","link":"https:\/\/www.ghanart.org\/en\/ueberuns\/","title":{"rendered":"About us"},"content":{"rendered":"<h3>Organizing Committee<\/h3>\n<p>The organizing committee consists of:<\/p>\n<p>Samuel Frempong, N\u00fcrensdorf<br \/>\nIrene Kessler, Oberarth<br \/>\nMich\u00e8le Kessler, Z\u00fcrich<br \/>\nRolf Leuzinger, Uznach<\/p>\n<h3>Finances<\/h3>\n<p>The members of the organizing committee work on a voluntary basis, i.e. without remuneration of time and travel expenses; nevertheless, there are still considerable costs for printing and mailing the invitations, renting the loudspeaker system, aperitifs, bus shuttle from the train station to the country inn, etc., which we can only cover through voluntary donations.<\/p>\n<p>We gladly accept donations on our postal account:<\/p>\n<p>87-450562-6<br \/>\nOK Ex Ghana-Swiss Meeting<br \/>\n4450 Sissach<\/p>\n<p>IBAN: CH84 0900 0000 8745 0562 6<br \/>\nBIC: POFICHBEXXX<\/p>","protected":false},"excerpt":{"rendered":"<p>Organisationskomitee Dem Organisationskomitee des j\u00e4hrlichen Au-Treffens geh\u00f6ren folgende Personen an: Samuel Frempong, N\u00fcrensdorf Irene Kessler, Oberarth Mich\u00e8le Kessler, Z\u00fcrich Rolf Leuzinger, Uznach Finanzen Die Mitglieder des Organisationskomitees arbeiten ehrenamtlich, d.h. ohne Verg\u00fctung von Zeit und Reisekosten; trotzdem bleiben noch erhebliche&hellip; <\/p>","protected":false},"author":1,"featured_media":0,"parent":0,"menu_order":0,"comment_status":"closed","ping_status":"closed","template":"","meta":{"ngg_post_thumbnail":0,"footnotes":""},"class_list":["post-171","page","type-page","status-publish","hentry"],"_links":{"self":[{"href":"https:\/\/www.ghanart.org\/en\/wp-json\/wp\/v2\/pages\/171","targetHints":{"allow":["GET"]}}],"collection":[{"href":"https:\/\/www.ghanart.org\/en\/wp-json\/wp\/v2\/pages"}],"about":[{"href":"https:\/\/www.ghanart.org\/en\/wp-json\/wp\/v2\/types\/page"}],"author":[{"embeddable":true,"href":"https:\/\/www.ghanart.org\/en\/wp-json\/wp\/v2\/users\/1"}],"replies":[{"embeddable":true,"href":"https:\/\/www.ghanart.org\/en\/wp-json\/wp\/v2\/comments?post=171"}],"version-history":[{"count":10,"href":"https:\/\/www.ghanart.org\/en\/wp-json\/wp\/v2\/pages\/171\/revisions"}],"predecessor-version":[{"id":1122,"href":"https:\/\/www.ghanart.org\/en\/wp-json\/wp\/v2\/pages\/171\/revisions\/1122"}],"wp:attachment":[{"href":"https:\/\/www.ghanart.org\/en\/wp-json\/wp\/v2\/media?parent=171"}],"curies":[{"name":"wp","href":"https:\/\/api.w.org\/{rel}","templated":true}]}}