{"id":1066,"date":"2023-10-05T18:39:33","date_gmt":"2023-10-05T16:39:33","guid":{"rendered":"https:\/\/www.ghanart.org\/?page_id=1066"},"modified":"2026-03-14T15:27:14","modified_gmt":"2026-03-14T14:27:14","slug":"anmeldung","status":"publish","type":"page","link":"https:\/\/www.ghanart.org\/en\/anmeldung\/","title":{"rendered":"Register"},"content":{"rendered":"<p class=\"has-large-font-size\"><strong>Anmeldung f\u00fcr das n\u00e4chste Trefen<\/strong><\/p>\n\n\n\n<p class=\"has-medium-font-size\">Sobald der Termin f\u00fcr das n\u00e4chste Treffen bekannt ist, wird hier das Anmeldeformular aufgeschaltet.<\/p>\n\n\n\n<p><\/p>\n\n\n\n<p class=\"has-large-font-size\"><strong>Registration for the next Meeting<\/strong><\/p>\n\n\n\n<p class=\"has-medium-font-size\">As soon as the date for the next meeting is confirmed, the registration form will be published here.<\/p>\n\n\n\n<p class=\"has-white-color has-text-color has-link-color wp-elements-4ba0c321f0afeaa9d19675b00b448669\"><a href=\"https:\/\/forms.office.com\/r\/KbrBN1CPCG\">registration form<\/a><\/p>","protected":false},"excerpt":{"rendered":"<p>Anmeldung f\u00fcr das n\u00e4chste Trefen Sobald der Termin f\u00fcr das n\u00e4chste Treffen bekannt ist, wird hier das Anmeldeformular aufgeschaltet. Registration for the next Meeting As soon as the date for the next meeting is confirmed, the registration form will be&hellip; <\/p>","protected":false},"author":1,"featured_media":0,"parent":0,"menu_order":0,"comment_status":"closed","ping_status":"closed","template":"","meta":{"ngg_post_thumbnail":0,"footnotes":""},"class_list":["post-1066","page","type-page","status-publish","hentry"],"_links":{"self":[{"href":"https:\/\/www.ghanart.org\/en\/wp-json\/wp\/v2\/pages\/1066","targetHints":{"allow":["GET"]}}],"collection":[{"href":"https:\/\/www.ghanart.org\/en\/wp-json\/wp\/v2\/pages"}],"about":[{"href":"https:\/\/www.ghanart.org\/en\/wp-json\/wp\/v2\/types\/page"}],"author":[{"embeddable":true,"href":"https:\/\/www.ghanart.org\/en\/wp-json\/wp\/v2\/users\/1"}],"replies":[{"embeddable":true,"href":"https:\/\/www.ghanart.org\/en\/wp-json\/wp\/v2\/comments?post=1066"}],"version-history":[{"count":7,"href":"https:\/\/www.ghanart.org\/en\/wp-json\/wp\/v2\/pages\/1066\/revisions"}],"predecessor-version":[{"id":1121,"href":"https:\/\/www.ghanart.org\/en\/wp-json\/wp\/v2\/pages\/1066\/revisions\/1121"}],"wp:attachment":[{"href":"https:\/\/www.ghanart.org\/en\/wp-json\/wp\/v2\/media?parent=1066"}],"curies":[{"name":"wp","href":"https:\/\/api.w.org\/{rel}","templated":true}]}}